{"id":13,"date":"2012-07-20T18:18:46","date_gmt":"2012-07-20T18:18:46","guid":{"rendered":"http:\/\/www.encontravilavelha.com.br\/noticias\/"},"modified":"2012-08-06T15:34:38","modified_gmt":"2012-08-06T15:34:38","slug":"sobre-o-blog","status":"publish","type":"page","link":"https:\/\/www.encontravilavelha.com.br\/noticias\/sobre-o-blog\/","title":{"rendered":"Sobre o blog"},"content":{"rendered":"<p><strong>SOBRE O ENCONTRA ESPIRITO SANTO\u2026\u2026\u2026\u2026\u2026\u2026\u2026\u2026\u2026\u2026\u2026\u2026\u2026\u2026.<\/strong><\/p>\n<p><strong><\/strong>O\u00a0<strong>Encontra Esp\u00edrito Santo<\/strong> \u00e9 um guia que re\u00fane informa\u00e7\u00f5es de empresas e prestadores de servi\u00e7os instalados em todas as regi\u00f5es do estado de Esp\u00edrito Santo.\u00a0As p\u00e1ginas do Encontra Esp\u00edrito Santo englobam milhares de com\u00e9rcios de diversos segmentos divididos em categorias de A a Z.<\/p>\n<p>Al\u00e9m dos sites, desde 2008 o Encontra Esp\u00edrito Santo mant\u00e9m uma rede de mais de 200 blogs de not\u00edcias com conte\u00fado atualizado diariamente.<\/p>\n<p>As publica\u00e7\u00f5es dos blogs abrangem not\u00edcias, eventos culturais, dicas de empregos, shows, cursos, al\u00e9m de um espa\u00e7o direcionado \u00e0 participa\u00e7\u00e3o dos moradores.<\/p>\n<p><strong>ENVIAR NOT\u00cdCIAS<\/strong>:<strong>\u2026\u2026\u2026\u2026\u2026\u2026\u2026\u2026\u2026\u2026\u2026\u2026\u2026\u2026\u2026\u2026\u2026\u2026\u2026\u2026\u2026..<\/strong><\/p>\n<p><strong><\/strong>O e-mail para envio \u00e9:\u00a0<img decoding=\"async\" src=\"http:\/\/www.encontrasaopaulo.com.br\/imgs\/email-encontra-blog.jpg\" alt=\"\" \/><\/p>\n<p><strong>CONTATOS<\/strong>:<strong>\u2026\u2026\u2026\u2026\u2026\u2026\u2026\u2026\u2026\u2026<\/strong><\/p>\n<p><strong><\/strong>Telefones:\u00a0<img decoding=\"async\" title=\"telefones\" src=\"http:\/\/www.encontrasaopaulo.com.br\/imgs\/telefones-blog.png\" alt=\"\" \/><br \/>\nE-mail:\u00a0<img decoding=\"async\" src=\"http:\/\/www.encontrasaopaulo.com.br\/imgs\/email-encontra-blog.jpg\" alt=\"\" \/><\/p>\n","protected":false},"excerpt":{"rendered":"<p>SOBRE O ENCONTRA ESPIRITO SANTO\u2026\u2026\u2026\u2026\u2026\u2026\u2026\u2026\u2026\u2026\u2026\u2026\u2026\u2026. O\u00a0Encontra Esp\u00edrito Santo \u00e9 um guia que re\u00fane informa\u00e7\u00f5es de empresas e prestadores de servi\u00e7os instalados em todas as regi\u00f5es do estado de Esp\u00edrito Santo.\u00a0As p\u00e1ginas do Encontra Esp\u00edrito Santo englobam milhares de com\u00e9rcios de diversos segmentos divididos em categorias de A a Z. Al\u00e9m dos sites, desde 2008 o [&hellip;]<\/p>\n","protected":false},"author":1,"featured_media":0,"parent":0,"menu_order":0,"comment_status":"closed","ping_status":"closed","template":"","meta":{"footnotes":""},"class_list":["post-13","page","type-page","status-publish","hentry"],"_links":{"self":[{"href":"https:\/\/www.encontravilavelha.com.br\/noticias\/wp-json\/wp\/v2\/pages\/13","targetHints":{"allow":["GET"]}}],"collection":[{"href":"https:\/\/www.encontravilavelha.com.br\/noticias\/wp-json\/wp\/v2\/pages"}],"about":[{"href":"https:\/\/www.encontravilavelha.com.br\/noticias\/wp-json\/wp\/v2\/types\/page"}],"author":[{"embeddable":true,"href":"https:\/\/www.encontravilavelha.com.br\/noticias\/wp-json\/wp\/v2\/users\/1"}],"replies":[{"embeddable":true,"href":"https:\/\/www.encontravilavelha.com.br\/noticias\/wp-json\/wp\/v2\/comments?post=13"}],"version-history":[{"count":2,"href":"https:\/\/www.encontravilavelha.com.br\/noticias\/wp-json\/wp\/v2\/pages\/13\/revisions"}],"predecessor-version":[{"id":18,"href":"https:\/\/www.encontravilavelha.com.br\/noticias\/wp-json\/wp\/v2\/pages\/13\/revisions\/18"}],"wp:attachment":[{"href":"https:\/\/www.encontravilavelha.com.br\/noticias\/wp-json\/wp\/v2\/media?parent=13"}],"curies":[{"name":"wp","href":"https:\/\/api.w.org\/{rel}","templated":true}]}}